{"id":128,"date":"2018-08-27T12:15:55","date_gmt":"2018-08-27T12:15:55","guid":{"rendered":"http:\/\/www.cobit-sk.eu\/?page_id=128"},"modified":"2024-12-16T11:47:23","modified_gmt":"2024-12-16T11:47:23","slug":"about","status":"publish","type":"page","link":"https:\/\/www.cobit-sk.eu\/?page_id=128","title":{"rendered":"About"},"content":{"rendered":"\t\t<div data-elementor-type=\"wp-post\" data-elementor-id=\"128\" class=\"elementor elementor-128\">\n\t\t\t\t\t\t\t\t\t<section class=\"elementor-section elementor-top-section elementor-element elementor-element-6e99129 elementor-section-content-middle elementor-section-boxed elementor-section-height-default elementor-section-height-default\" data-id=\"6e99129\" data-element_type=\"section\" data-settings=\"{&quot;background_background&quot;:&quot;classic&quot;,&quot;shape_divider_top&quot;:&quot;opacity-tilt&quot;}\">\n\t\t\t\t\t\t\t<div class=\"elementor-background-overlay\"><\/div>\n\t\t\t\t\t\t<div class=\"elementor-shape elementor-shape-top\" data-negative=\"false\">\n\t\t\t<svg xmlns=\"http:\/\/www.w3.org\/2000\/svg\" viewBox=\"0 0 2600 131.1\" preserveAspectRatio=\"none\">\n\t<path class=\"elementor-shape-fill\" d=\"M0 0L2600 0 2600 69.1 0 0z\"\/>\n\t<path class=\"elementor-shape-fill\" style=\"opacity:0.5\" d=\"M0 0L2600 0 2600 69.1 0 69.1z\"\/>\n\t<path class=\"elementor-shape-fill\" style=\"opacity:0.25\" d=\"M2600 0L0 0 0 130.1 2600 69.1z\"\/>\n<\/svg>\t\t<\/div>\n\t\t\t\t\t<div class=\"elementor-container elementor-column-gap-no\">\n\t\t\t\t\t<div class=\"elementor-column elementor-col-100 elementor-top-column elementor-element elementor-element-4416359\" data-id=\"4416359\" data-element_type=\"column\">\n\t\t\t<div class=\"elementor-widget-wrap elementor-element-populated\">\n\t\t\t\t\t\t\t\t<div class=\"elementor-element elementor-element-754968b elementor-widget elementor-widget-heading\" data-id=\"754968b\" data-element_type=\"widget\" data-widget_type=\"heading.default\">\n\t\t\t\t<div class=\"elementor-widget-container\">\n\t\t\t<style>\/*! elementor - v3.14.0 - 26-06-2023 *\/\n.elementor-heading-title{padding:0;margin:0;line-height:1}.elementor-widget-heading .elementor-heading-title[class*=elementor-size-]>a{color:inherit;font-size:inherit;line-height:inherit}.elementor-widget-heading .elementor-heading-title.elementor-size-small{font-size:15px}.elementor-widget-heading .elementor-heading-title.elementor-size-medium{font-size:19px}.elementor-widget-heading .elementor-heading-title.elementor-size-large{font-size:29px}.elementor-widget-heading .elementor-heading-title.elementor-size-xl{font-size:39px}.elementor-widget-heading .elementor-heading-title.elementor-size-xxl{font-size:59px}<\/style><h1 class=\"elementor-heading-title elementor-size-default\">N\u00e1\u0161 t\u00edm<\/h1>\t\t<\/div>\n\t\t\t\t<\/div>\n\t\t\t\t\t<\/div>\n\t\t<\/div>\n\t\t\t\t\t\t\t<\/div>\n\t\t<\/section>\n\t\t\t\t<section class=\"elementor-section elementor-top-section elementor-element elementor-element-b43d72f elementor-section-boxed elementor-section-height-default elementor-section-height-default\" data-id=\"b43d72f\" data-element_type=\"section\">\n\t\t\t\t\t\t<div class=\"elementor-container elementor-column-gap-default\">\n\t\t\t\t\t<div class=\"elementor-column elementor-col-25 elementor-top-column elementor-element elementor-element-8aacf69\" data-id=\"8aacf69\" data-element_type=\"column\">\n\t\t\t<div class=\"elementor-widget-wrap elementor-element-populated\">\n\t\t\t\t\t\t\t\t<div class=\"elementor-element elementor-element-436849b elementor-widget elementor-widget-heading\" data-id=\"436849b\" data-element_type=\"widget\" data-widget_type=\"heading.default\">\n\t\t\t\t<div class=\"elementor-widget-container\">\n\t\t\t<h2 class=\"elementor-heading-title elementor-size-large\"><h2 class=\"elementor-heading-title elementor-size-large elementor-inline-editing pen\" data-elementor-setting-key=\"title\" id=\"ep-1309bbb\" data-pen-placeholder=\"P\u00ed\u0161te tu...\" style=\"font-style: normal;\">Ved\u00faca <\/h2><h2 class=\"elementor-heading-title elementor-size-large elementor-inline-editing pen\" data-elementor-setting-key=\"title\" id=\"ep-1309bbb\" data-pen-placeholder=\"P\u00ed\u0161te tu...\" style=\"font-style: normal;\">ekonomick\u00e9ho t\u00edmu<\/h2><\/h2>\t\t<\/div>\n\t\t\t\t<\/div>\n\t\t\t\t<div class=\"elementor-element elementor-element-235947c elementor-position-top elementor-vertical-align-top elementor-widget elementor-widget-image-box\" data-id=\"235947c\" data-element_type=\"widget\" data-widget_type=\"image-box.default\">\n\t\t\t\t<div class=\"elementor-widget-container\">\n\t\t\t<style>\/*! elementor - v3.14.0 - 26-06-2023 *\/\n.elementor-widget-image-box .elementor-image-box-content{width:100%}@media (min-width:768px){.elementor-widget-image-box.elementor-position-left .elementor-image-box-wrapper,.elementor-widget-image-box.elementor-position-right .elementor-image-box-wrapper{display:flex}.elementor-widget-image-box.elementor-position-right .elementor-image-box-wrapper{text-align:right;flex-direction:row-reverse}.elementor-widget-image-box.elementor-position-left .elementor-image-box-wrapper{text-align:left;flex-direction:row}.elementor-widget-image-box.elementor-position-top .elementor-image-box-img{margin:auto}.elementor-widget-image-box.elementor-vertical-align-top .elementor-image-box-wrapper{align-items:flex-start}.elementor-widget-image-box.elementor-vertical-align-middle .elementor-image-box-wrapper{align-items:center}.elementor-widget-image-box.elementor-vertical-align-bottom .elementor-image-box-wrapper{align-items:flex-end}}@media (max-width:767px){.elementor-widget-image-box .elementor-image-box-img{margin-left:auto!important;margin-right:auto!important;margin-bottom:15px}}.elementor-widget-image-box .elementor-image-box-img{display:inline-block}.elementor-widget-image-box .elementor-image-box-title a{color:inherit}.elementor-widget-image-box .elementor-image-box-wrapper{text-align:center}.elementor-widget-image-box .elementor-image-box-description{margin:0}<\/style><div class=\"elementor-image-box-wrapper\"><figure class=\"elementor-image-box-img\"><img loading=\"lazy\" decoding=\"async\" width=\"127\" height=\"25\" src=\"https:\/\/www.cobit-sk.eu\/wp-content\/uploads\/2023\/03\/biely-obdlznik.jpg\" class=\"attachment-full size-full wp-image-1159\" alt=\"\" \/><\/figure><div class=\"elementor-image-box-content\"><h3 class=\"elementor-image-box-title\">Mgr. Dominika Horn\u00edkov\u00e1<\/h3><p class=\"elementor-image-box-description\">Absolventka Vysokej \u0161koly verejnej spr\u00e1vy v Bratislave s viac ako 10 ro\u010dnou praxou v odbore.<\/p><\/div><\/div>\t\t<\/div>\n\t\t\t\t<\/div>\n\t\t\t\t\t<\/div>\n\t\t<\/div>\n\t\t\t\t<div class=\"elementor-column elementor-col-50 elementor-top-column elementor-element elementor-element-aa60f80\" data-id=\"aa60f80\" data-element_type=\"column\">\n\t\t\t<div class=\"elementor-widget-wrap elementor-element-populated\">\n\t\t\t\t\t\t\t\t<div class=\"elementor-element elementor-element-1309bbb elementor-widget elementor-widget-heading\" data-id=\"1309bbb\" data-element_type=\"widget\" data-widget_type=\"heading.default\">\n\t\t\t\t<div class=\"elementor-widget-container\">\n\t\t\t<h2 class=\"elementor-heading-title elementor-size-large\"><br><h3 data-elementor-setting-key=\"title_text\" data-elementor-inline-editing-toolbar=\"none\" data-pen-placeholder=\"P\u00ed\u0161te tu...\" style=\"font-size: 24px; font-style: normal;\">Bc. Luk\u00e1\u0161 Kr\u00e1lik<\/h3>CEO<\/h2>\t\t<\/div>\n\t\t\t\t<\/div>\n\t\t\t\t<div class=\"elementor-element elementor-element-3015612 elementor-widget__width-initial elementor-position-top elementor-vertical-align-top elementor-widget elementor-widget-image-box\" data-id=\"3015612\" data-element_type=\"widget\" data-widget_type=\"image-box.default\">\n\t\t\t\t<div class=\"elementor-widget-container\">\n\t\t\t<div class=\"elementor-image-box-wrapper\"><figure class=\"elementor-image-box-img\"><img loading=\"lazy\" decoding=\"async\" width=\"127\" height=\"25\" src=\"https:\/\/www.cobit-sk.eu\/wp-content\/uploads\/2023\/03\/biely-obdlznik.jpg\" class=\"attachment-full size-full wp-image-1159\" alt=\"\" \/><\/figure><div class=\"elementor-image-box-content\"><p class=\"elementor-image-box-description\">Riadite\u013e spolo\u010dnosti a ved\u00faci IT t\u00edmu - absolvent Fakulty Mana\u017ementu Univerzity Komensk\u00e9ho v Bratislave s viac ako 5 ro\u010dnou praxou v odbore.<\/p><\/div><\/div>\t\t<\/div>\n\t\t\t\t<\/div>\n\t\t\t\t\t<\/div>\n\t\t<\/div>\n\t\t\t\t<div class=\"elementor-column elementor-col-25 elementor-top-column elementor-element elementor-element-fbd79c0\" data-id=\"fbd79c0\" data-element_type=\"column\">\n\t\t\t<div class=\"elementor-widget-wrap elementor-element-populated\">\n\t\t\t\t\t\t\t\t<div class=\"elementor-element elementor-element-21ac32a elementor-widget elementor-widget-heading\" data-id=\"21ac32a\" data-element_type=\"widget\" data-widget_type=\"heading.default\">\n\t\t\t\t<div class=\"elementor-widget-container\">\n\t\t\t<h2 class=\"elementor-heading-title elementor-size-large\">Ved\u00faca <br>\u00fa\u010dtovn\u00e9ho t\u00edmu<br><\/h2>\t\t<\/div>\n\t\t\t\t<\/div>\n\t\t\t\t<div class=\"elementor-element elementor-element-21e482d elementor-position-top elementor-vertical-align-top elementor-widget elementor-widget-image-box\" data-id=\"21e482d\" data-element_type=\"widget\" data-widget_type=\"image-box.default\">\n\t\t\t\t<div class=\"elementor-widget-container\">\n\t\t\t<div class=\"elementor-image-box-wrapper\"><figure class=\"elementor-image-box-img\"><img loading=\"lazy\" decoding=\"async\" width=\"127\" height=\"25\" src=\"https:\/\/www.cobit-sk.eu\/wp-content\/uploads\/2023\/03\/biely-obdlznik.jpg\" class=\"attachment-full size-full wp-image-1159\" alt=\"\" \/><\/figure><div class=\"elementor-image-box-content\"><h3 class=\"elementor-image-box-title\">Ing. Nora Dana\u0161ov\u00e1<\/h3><p class=\"elementor-image-box-description\">Absolventka Fakulty podnikov\u00e9ho mana\u017ementu Ekonomickej Univerzity v Bratislave. <\/p><\/div><\/div>\t\t<\/div>\n\t\t\t\t<\/div>\n\t\t\t\t\t<\/div>\n\t\t<\/div>\n\t\t\t\t\t\t\t<\/div>\n\t\t<\/section>\n\t\t\t\t<section class=\"elementor-section elementor-top-section elementor-element elementor-element-c1c618e elementor-section-boxed elementor-section-height-default elementor-section-height-default\" data-id=\"c1c618e\" data-element_type=\"section\">\n\t\t\t\t\t\t<div class=\"elementor-container elementor-column-gap-default\">\n\t\t\t\t\t<div class=\"elementor-column elementor-col-33 elementor-top-column elementor-element elementor-element-3acb38b\" data-id=\"3acb38b\" data-element_type=\"column\">\n\t\t\t<div class=\"elementor-widget-wrap elementor-element-populated\">\n\t\t\t\t\t\t\t\t<div class=\"elementor-element elementor-element-24b57e1 elementor-widget elementor-widget-heading\" data-id=\"24b57e1\" data-element_type=\"widget\" data-widget_type=\"heading.default\">\n\t\t\t\t<div class=\"elementor-widget-container\">\n\t\t\t<h2 class=\"elementor-heading-title elementor-size-large\"><br><span style=\"color: var(--ast-global-color-2); font-size: 29px; background-color: var(--ast-global-color-5);\">Ved\u00faca ESG t\u00edmu<\/span><\/h2>\t\t<\/div>\n\t\t\t\t<\/div>\n\t\t\t\t<div class=\"elementor-element elementor-element-6c240cc elementor-position-top elementor-vertical-align-top elementor-widget elementor-widget-image-box\" data-id=\"6c240cc\" data-element_type=\"widget\" data-widget_type=\"image-box.default\">\n\t\t\t\t<div class=\"elementor-widget-container\">\n\t\t\t<div class=\"elementor-image-box-wrapper\"><figure class=\"elementor-image-box-img\"><img loading=\"lazy\" decoding=\"async\" width=\"127\" height=\"25\" src=\"https:\/\/www.cobit-sk.eu\/wp-content\/uploads\/2023\/03\/biely-obdlznik.jpg\" class=\"attachment-full size-full wp-image-1159\" alt=\"\" \/><\/figure><div class=\"elementor-image-box-content\"><h3 class=\"elementor-image-box-title\"><br><br><span style=\"color: var(--ast-global-color-2); background-color: var(--ast-global-color-5);\">RNDr. Zuzana Dole\u017ealov\u00e1<\/span><\/h3><p class=\"elementor-image-box-description\"><br>Absolventka Pr\u00edrodovedeckej fakulty Univerzity Komensk\u00e9ho v Bratislave v odbore ochrana \u017eivotn\u00e9ho prostredia s viac ako 30 ro\u010dnou praxou v odbore.<\/p><\/div><\/div>\t\t<\/div>\n\t\t\t\t<\/div>\n\t\t\t\t\t<\/div>\n\t\t<\/div>\n\t\t\t\t<div class=\"elementor-column elementor-col-33 elementor-top-column elementor-element elementor-element-7a0080f\" data-id=\"7a0080f\" data-element_type=\"column\">\n\t\t\t<div class=\"elementor-widget-wrap elementor-element-populated\">\n\t\t\t\t\t\t\t\t<div class=\"elementor-element elementor-element-f140af4 elementor-widget elementor-widget-heading\" data-id=\"f140af4\" data-element_type=\"widget\" data-widget_type=\"heading.default\">\n\t\t\t\t<div class=\"elementor-widget-container\">\n\t\t\t<h3 class=\"elementor-heading-title elementor-size-default\"><span style=\"color: var(--ast-global-color-2); font-size: 29px; background-color: var(--ast-global-color-5);\">Ved\u00faci ISO t\u00edmu a <\/span><br><span style=\"color: var(--ast-global-color-2); font-size: 29px; background-color: var(--ast-global-color-5);\">konzultant pre syst\u00e9my mana\u017e\u00e9rstva<\/span> <\/h3>\t\t<\/div>\n\t\t\t\t<\/div>\n\t\t\t\t<div class=\"elementor-element elementor-element-ae36171 elementor-widget__width-initial elementor-position-top elementor-vertical-align-top elementor-widget elementor-widget-image-box\" data-id=\"ae36171\" data-element_type=\"widget\" data-widget_type=\"image-box.default\">\n\t\t\t\t<div class=\"elementor-widget-container\">\n\t\t\t<div class=\"elementor-image-box-wrapper\"><figure class=\"elementor-image-box-img\"><img loading=\"lazy\" decoding=\"async\" width=\"127\" height=\"25\" src=\"https:\/\/www.cobit-sk.eu\/wp-content\/uploads\/2023\/03\/biely-obdlznik.jpg\" class=\"attachment-full size-full wp-image-1159\" alt=\"\" \/><\/figure><div class=\"elementor-image-box-content\"><h4 class=\"elementor-image-box-title\"><span style=\"color: var(--ast-global-color-2); background-color: var(--ast-global-color-5);\">Ing. Mari\u00e1n Kolembus<\/span><\/h4><p class=\"elementor-image-box-description\">Absolvent Chemickotechnologickej fakulty Slovenskej technickej univerzity v Bratislave. Viac ako 30 ro\u010dn\u00e1 prax v oblasti zav\u00e1dzania syst\u00e9mov mana\u017e\u00e9rstva, riadenia kontinuity \u010dinnost\u00ed, anal\u00fdzy riz\u00edk, bezpe\u010dnostn\u00fdch projektov a ochrany osobn\u00fdch \u00fadajov.<\/p><\/div><\/div>\t\t<\/div>\n\t\t\t\t<\/div>\n\t\t\t\t\t<\/div>\n\t\t<\/div>\n\t\t\t\t<div class=\"elementor-column elementor-col-33 elementor-top-column elementor-element elementor-element-d924a7b\" data-id=\"d924a7b\" data-element_type=\"column\">\n\t\t\t<div class=\"elementor-widget-wrap elementor-element-populated\">\n\t\t\t\t\t\t\t\t<div class=\"elementor-element elementor-element-9ad97a3 elementor-widget elementor-widget-heading\" data-id=\"9ad97a3\" data-element_type=\"widget\" data-widget_type=\"heading.default\">\n\t\t\t\t<div class=\"elementor-widget-container\">\n\t\t\t<h2 class=\"elementor-heading-title elementor-size-large\">Bezpe\u010dnostn\u00fd konzultant<\/h2>\t\t<\/div>\n\t\t\t\t<\/div>\n\t\t\t\t<div class=\"elementor-element elementor-element-c89e03a elementor-position-top elementor-vertical-align-top elementor-widget elementor-widget-image-box\" data-id=\"c89e03a\" data-element_type=\"widget\" data-widget_type=\"image-box.default\">\n\t\t\t\t<div class=\"elementor-widget-container\">\n\t\t\t<div class=\"elementor-image-box-wrapper\"><figure class=\"elementor-image-box-img\"><img loading=\"lazy\" decoding=\"async\" width=\"127\" height=\"25\" src=\"https:\/\/www.cobit-sk.eu\/wp-content\/uploads\/2023\/03\/biely-obdlznik.jpg\" class=\"attachment-full size-full wp-image-1159\" alt=\"\" \/><\/figure><div class=\"elementor-image-box-content\"><h3 class=\"elementor-image-box-title\"><br><br>Ing. \u0160tefan Kapl\u00e1n<\/h3><p class=\"elementor-image-box-description\"><br>Absolvent Univerzity obrany v Brne s viac ako  30 ro\u010dnou praxou v riadiacich poz\u00edciach v oblasti in\u0161pekcie, vn\u00fatornej kontroly, bezpe\u010dnostn\u00fdch anal\u00fdz a poradenstva. <\/p><\/div><\/div>\t\t<\/div>\n\t\t\t\t<\/div>\n\t\t\t\t\t<\/div>\n\t\t<\/div>\n\t\t\t\t\t\t\t<\/div>\n\t\t<\/section>\n\t\t\t\t<section class=\"elementor-section elementor-top-section elementor-element elementor-element-99e7d1d elementor-section-boxed elementor-section-height-default elementor-section-height-default\" data-id=\"99e7d1d\" data-element_type=\"section\">\n\t\t\t\t\t\t<div class=\"elementor-container elementor-column-gap-default\">\n\t\t\t\t\t<div class=\"elementor-column elementor-col-100 elementor-top-column elementor-element elementor-element-31bdaea\" data-id=\"31bdaea\" data-element_type=\"column\">\n\t\t\t<div class=\"elementor-widget-wrap\">\n\t\t\t\t\t\t\t\t\t<\/div>\n\t\t<\/div>\n\t\t\t\t\t\t\t<\/div>\n\t\t<\/section>\n\t\t\t\t\t\t\t<\/div>\n\t\t","protected":false},"excerpt":{"rendered":"<p>N\u00e1\u0161 t\u00edm Ved\u00faca ekonomick\u00e9ho t\u00edmu Mgr. Dominika Horn\u00edkov\u00e1 Absolventka Vysokej \u0161koly verejnej spr\u00e1vy v Bratislave s viac ako 10 ro\u010dnou praxou v odbore. Bc. Luk\u00e1\u0161 Kr\u00e1lik CEO Riadite\u013e spolo\u010dnosti a ved\u00faci IT t\u00edmu &#8211; absolvent Fakulty Mana\u017ementu Univerzity Komensk\u00e9ho v Bratislave s viac ako 5 ro\u010dnou praxou v odbore. Ved\u00faca \u00fa\u010dtovn\u00e9ho t\u00edmu Ing. Nora Dana\u0161ov\u00e1 &hellip;<\/p>\n<p class=\"read-more\"> <a class=\"\" href=\"https:\/\/www.cobit-sk.eu\/?page_id=128\"> <span class=\"screen-reader-text\">About<\/span> \u010c\u00edtajte viac &raquo;<\/a><\/p>\n","protected":false},"author":1,"featured_media":0,"parent":0,"menu_order":0,"comment_status":"closed","ping_status":"closed","template":"","meta":{"site-sidebar-layout":"default","site-content-layout":"page-builder","ast-global-header-display":"","ast-main-header-display":"","ast-hfb-above-header-display":"","ast-hfb-below-header-display":"","ast-hfb-mobile-header-display":"","site-post-title":"disabled","ast-breadcrumbs-content":"","ast-featured-img":"disabled","footer-sml-layout":"","theme-transparent-header-meta":"enabled","adv-header-id-meta":"","stick-header-meta":"","header-above-stick-meta":"","header-main-stick-meta":"","header-below-stick-meta":"","footnotes":""},"class_list":["post-128","page","type-page","status-publish","hentry"],"_links":{"self":[{"href":"https:\/\/www.cobit-sk.eu\/index.php?rest_route=\/wp\/v2\/pages\/128","targetHints":{"allow":["GET"]}}],"collection":[{"href":"https:\/\/www.cobit-sk.eu\/index.php?rest_route=\/wp\/v2\/pages"}],"about":[{"href":"https:\/\/www.cobit-sk.eu\/index.php?rest_route=\/wp\/v2\/types\/page"}],"author":[{"embeddable":true,"href":"https:\/\/www.cobit-sk.eu\/index.php?rest_route=\/wp\/v2\/users\/1"}],"replies":[{"embeddable":true,"href":"https:\/\/www.cobit-sk.eu\/index.php?rest_route=%2Fwp%2Fv2%2Fcomments&post=128"}],"version-history":[{"count":97,"href":"https:\/\/www.cobit-sk.eu\/index.php?rest_route=\/wp\/v2\/pages\/128\/revisions"}],"predecessor-version":[{"id":1370,"href":"https:\/\/www.cobit-sk.eu\/index.php?rest_route=\/wp\/v2\/pages\/128\/revisions\/1370"}],"wp:attachment":[{"href":"https:\/\/www.cobit-sk.eu\/index.php?rest_route=%2Fwp%2Fv2%2Fmedia&parent=128"}],"curies":[{"name":"wp","href":"https:\/\/api.w.org\/{rel}","templated":true}]}}